{"id":16850,"date":"2023-11-21T08:50:42","date_gmt":"2023-11-21T01:50:42","guid":{"rendered":"https:\/\/hitek.com.vn\/thank-you\/"},"modified":"2023-11-21T09:41:09","modified_gmt":"2023-11-21T02:41:09","slug":"thank-you","status":"publish","type":"page","link":"https:\/\/hitek.com.vn\/en\/thank-you\/","title":{"rendered":"Thank you"},"content":{"rendered":"\t\t<div data-elementor-type=\"wp-page\" data-elementor-id=\"16850\" class=\"elementor elementor-16850 elementor-16801\" data-elementor-post-type=\"page\">\n\t\t\t\t\t\t<section class=\"elementor-section elementor-top-section elementor-element elementor-element-ca5099d elementor-section-boxed elementor-section-height-default elementor-section-height-default\" data-id=\"ca5099d\" data-element_type=\"section\" data-settings=\"{&quot;jet_parallax_layout_list&quot;:[]}\">\n\t\t\t\t\t\t<div class=\"elementor-container elementor-column-gap-default\">\n\t\t\t\t\t<div class=\"elementor-column elementor-col-100 elementor-top-column elementor-element elementor-element-354fa42\" data-id=\"354fa42\" data-element_type=\"column\">\n\t\t\t<div class=\"elementor-widget-wrap elementor-element-populated\">\n\t\t\t\t\t\t<div class=\"elementor-element elementor-element-cfaa529 elementor-widget elementor-widget-theme-site-logo elementor-widget-image\" data-id=\"cfaa529\" data-element_type=\"widget\" data-widget_type=\"theme-site-logo.default\">\n\t\t\t\t<div class=\"elementor-widget-container\">\n\t\t\t\t\t\t\t\t\t\t\t<a href=\"https:\/\/hitek.com.vn\/en\/\">\n\t\t\t<img fetchpriority=\"high\" decoding=\"async\" width=\"1154\" height=\"314\" src=\"https:\/\/hitek.com.vn\/wp-content\/uploads\/2022\/08\/logo-140x38.avif\" class=\"attachment-full size-full wp-image-24 has-transparency\" alt=\"\" srcset=\"https:\/\/hitek.com.vn\/wp-content\/uploads\/2022\/08\/logo.avif 1154w, https:\/\/hitek.com.vn\/wp-content\/uploads\/2022\/08\/logo-300x82.avif 300w, https:\/\/hitek.com.vn\/wp-content\/uploads\/2022\/08\/logo-1024x279.avif 1024w, https:\/\/hitek.com.vn\/wp-content\/uploads\/2022\/08\/logo-768x209.avif 768w, https:\/\/hitek.com.vn\/wp-content\/uploads\/2022\/08\/logo-140x38.avif 140w\" sizes=\"(max-width: 1154px) 100vw, 1154px\" data-has-transparency=\"true\" data-dominant-color=\"054879\" style=\"--dominant-color: #054879\" \/>\t\t\t\t<\/a>\n\t\t\t\t\t\t\t\t\t\t\t<\/div>\n\t\t\t\t<\/div>\n\t\t\t\t<div class=\"elementor-element elementor-element-40f0ed8 elementor-widget elementor-widget-heading\" data-id=\"40f0ed8\" data-element_type=\"widget\" data-widget_type=\"heading.default\">\n\t\t\t\t<div class=\"elementor-widget-container\">\n\t\t\t\t\t<p class=\"elementor-heading-title elementor-size-default\">C\u1ea3m \u01a1n! Ch\u00fang t\u00f4i s\u1ebd s\u1edbm li\u00ean l\u1ea1c v\u1edbi b\u1ea1n.<\/p>\t\t\t\t<\/div>\n\t\t\t\t<\/div>\n\t\t\t\t<div class=\"elementor-element elementor-element-6bc138b elementor-widget elementor-widget-heading\" data-id=\"6bc138b\" data-element_type=\"widget\" data-widget_type=\"heading.default\">\n\t\t\t\t<div class=\"elementor-widget-container\">\n\t\t\t\t\t<p class=\"elementor-heading-title elementor-size-default\">Trong th\u1eddi gian ch\u1edd \u0111\u1ee3i, b\u1ea1n c\u00f3 th\u1ec3 truy c\u1eadp Hitek blog \u0111\u1ec3 t\u00ecm hi\u1ec3u v\u1ec1 software outsourcing, ph\u00e1t tri\u1ec3n ph\u1ea7n m\u1ec1m, c\u00f4ng ngh\u1ec7, xu h\u01b0\u1edbng c\u1ee7a ng\u00e0nh.<\/p>\t\t\t\t<\/div>\n\t\t\t\t<\/div>\n\t\t\t\t<div class=\"elementor-element elementor-element-8202102 css_dem elementor-widget elementor-widget-heading\" data-id=\"8202102\" data-element_type=\"widget\" data-widget_type=\"heading.default\">\n\t\t\t\t<div class=\"elementor-widget-container\">\n\t\t\t\t\t<p class=\"elementor-heading-title elementor-size-default\">B\u1ea1n s\u1ebd \u0111\u01b0\u1ee3c t\u1ef1 \u0111\u1ed9ng chuy\u1ec3n h\u01b0\u1edbng \u0111\u1ebfn blog c\u1ee7a ch\u00fang t\u00f4i sau <div id=\"countdown\"><\/div>\n gi\u00e2y.\n<\/p>\t\t\t\t<\/div>\n\t\t\t\t<\/div>\n\t\t\t\t<div class=\"elementor-element elementor-element-353ebb6 elementor-widget elementor-widget-html\" data-id=\"353ebb6\" data-element_type=\"widget\" data-widget_type=\"html.default\">\n\t\t\t\t<div class=\"elementor-widget-container\">\n\t\t\t\t\t\n<script>function countdown() {\n    var count = 10;\n    var countdownElement = document.getElementById('countdown');\n\n    function updateCount() {\n      countdownElement.innerHTML = count;\n      count--;\n\n      if (count <0) { clearInterval(counter); } } var counter = setInterval(updateCount, 1000); \/\/ C\u1eadp nh\u1eadt m\u1ed7i gi\u00e2y } \/\/ G\u1ecdi h\u00e0m countdown khi trang \u0111\u01b0\u1ee3c t\u1ea3i document.addEventListener('DOMContentLoaded', countdown); <\/script>\t\t\t\t<\/div>\n\t\t\t\t<\/div>\n\t\t\t\t<div class=\"elementor-element elementor-element-9d9150a elementor-widget elementor-widget-html\" data-id=\"9d9150a\" data-element_type=\"widget\" data-widget_type=\"html.default\">\n\t\t\t\t<div class=\"elementor-widget-container\">\n\t\t\t\t\t<script> \n        (function () { \n  \n            \/\/ Ideal time in seconds \n            const idleDurationSecs = 10; \n  \n            \/\/ Redirect idle users to this URL \n            const redirectUrl =  \n                'https:\/\/hitek.com.vn\/blog\/'; \n              \n            \/\/ Variable to hold the timeout \n            let idleTimeout;  \n  \n            const resetIdleTimeout = function () { \n  \n                \/\/ Clears the existing timeout \n                if (idleTimeout)  \n                    clearTimeout(idleTimeout); \n  \n                \/\/ Set a new idle timeout to load the \n                \/\/ redirectUrl after idleDurationSecs \n                idleTimeout = setTimeout(() => location.href  \n                    = redirectUrl, idleDurationSecs * 1000); \n            }; \n  \n            \/\/ Init on page load \n            resetIdleTimeout(); \n  \n            \/\/ Reset the idle timeout on any of \n            \/\/ the events listed below \n            ['click', 'touchstart', 'mousemove'] \n                .forEach(evt => document.addEventListener( \n                    evt, resetIdleTimeout, false) \n            ); \n        })(); \n    <\/script>  \t\t\t\t<\/div>\n\t\t\t\t<\/div>\n\t\t\t\t\t<\/div>\n\t\t<\/div>\n\t\t\t\t\t<\/div>\n\t\t<\/section>\n\t\t\t\t<\/div>\n\t\t","protected":false},"excerpt":{"rendered":"<p>C\u1ea3m \u01a1n! Ch\u00fang t\u00f4i s\u1ebd s\u1edbm li\u00ean l\u1ea1c v\u1edbi b\u1ea1n. Trong th\u1eddi gian ch\u1edd \u0111\u1ee3i, b\u1ea1n c\u00f3 th\u1ec3 truy c\u1eadp Hitek blog \u0111\u1ec3 t\u00ecm hi\u1ec3u v\u1ec1 software outsourcing, ph\u00e1t tri\u1ec3n ph\u1ea7n m\u1ec1m, c\u00f4ng ngh\u1ec7, xu h\u01b0\u1edbng c\u1ee7a ng\u00e0nh. B\u1ea1n s\u1ebd \u0111\u01b0\u1ee3c t\u1ef1 \u0111\u1ed9ng chuy\u1ec3n h\u01b0\u1edbng \u0111\u1ebfn blog c\u1ee7a ch\u00fang t\u00f4i sau gi\u00e2y.<\/p>\n","protected":false},"author":1,"featured_media":0,"parent":0,"menu_order":0,"comment_status":"closed","ping_status":"closed","template":"elementor_header_footer","meta":{"site-sidebar-layout":"no-sidebar","site-content-layout":"page-builder","ast-site-content-layout":"","site-content-style":"default","site-sidebar-style":"default","ast-global-header-display":"","ast-banner-title-visibility":"","ast-main-header-display":"disabled","ast-hfb-above-header-display":"","ast-hfb-below-header-display":"","ast-hfb-mobile-header-display":"","site-post-title":"disabled","ast-breadcrumbs-content":"","ast-featured-img":"disabled","footer-sml-layout":"disabled","theme-transparent-header-meta":"disabled","adv-header-id-meta":"","stick-header-meta":"default","header-above-stick-meta":"","header-main-stick-meta":"","header-below-stick-meta":"","astra-migrate-meta-layouts":"default","ast-page-background-enabled":"default","ast-page-background-meta":{"desktop":{"background-color":"var(--ast-global-color-4)","background-image":"","background-repeat":"repeat","background-position":"center center","background-size":"auto","background-attachment":"scroll","background-type":"","background-media":"","overlay-type":"","overlay-color":"","overlay-opacity":"","overlay-gradient":""},"tablet":{"background-color":"","background-image":"","background-repeat":"repeat","background-position":"center center","background-size":"auto","background-attachment":"scroll","background-type":"","background-media":"","overlay-type":"","overlay-color":"","overlay-opacity":"","overlay-gradient":""},"mobile":{"background-color":"","background-image":"","background-repeat":"repeat","background-position":"center center","background-size":"auto","background-attachment":"scroll","background-type":"","background-media":"","overlay-type":"","overlay-color":"","overlay-opacity":"","overlay-gradient":""}},"ast-content-background-meta":{"desktop":{"background-color":"var(--ast-global-color-5)","background-image":"","background-repeat":"repeat","background-position":"center center","background-size":"auto","background-attachment":"scroll","background-type":"","background-media":"","overlay-type":"","overlay-color":"","overlay-opacity":"","overlay-gradient":""},"tablet":{"background-color":"var(--ast-global-color-5)","background-image":"","background-repeat":"repeat","background-position":"center center","background-size":"auto","background-attachment":"scroll","background-type":"","background-media":"","overlay-type":"","overlay-color":"","overlay-opacity":"","overlay-gradient":""},"mobile":{"background-color":"var(--ast-global-color-5)","background-image":"","background-repeat":"repeat","background-position":"center center","background-size":"auto","background-attachment":"scroll","background-type":"","background-media":"","overlay-type":"","overlay-color":"","overlay-opacity":"","overlay-gradient":""}},"footnotes":""},"class_list":["post-16850","page","type-page","status-publish","hentry"],"_links":{"self":[{"href":"https:\/\/hitek.com.vn\/en\/wp-json\/wp\/v2\/pages\/16850","targetHints":{"allow":["GET"]}}],"collection":[{"href":"https:\/\/hitek.com.vn\/en\/wp-json\/wp\/v2\/pages"}],"about":[{"href":"https:\/\/hitek.com.vn\/en\/wp-json\/wp\/v2\/types\/page"}],"author":[{"embeddable":true,"href":"https:\/\/hitek.com.vn\/en\/wp-json\/wp\/v2\/users\/1"}],"replies":[{"embeddable":true,"href":"https:\/\/hitek.com.vn\/en\/wp-json\/wp\/v2\/comments?post=16850"}],"version-history":[{"count":0,"href":"https:\/\/hitek.com.vn\/en\/wp-json\/wp\/v2\/pages\/16850\/revisions"}],"wp:attachment":[{"href":"https:\/\/hitek.com.vn\/en\/wp-json\/wp\/v2\/media?parent=16850"}],"curies":[{"name":"wp","href":"https:\/\/api.w.org\/{rel}","templated":true}]}}